{"id":4482,"date":"2020-07-29T15:43:41","date_gmt":"2020-07-29T13:43:41","guid":{"rendered":"https:\/\/letourdevigne.com\/el-champagne\/"},"modified":"2020-11-03T19:01:14","modified_gmt":"2020-11-03T18:01:14","slug":"el-champagne","status":"publish","type":"page","link":"https:\/\/letourdevigne.com\/es\/el-champagne\/","title":{"rendered":"EL CHAMPAGNE"},"content":{"rendered":"<p>[et_pb_section fb_built=&#8221;1&#8243; custom_padding_last_edited=&#8221;on|phone&#8221; _builder_version=&#8221;4.4.8&#8243; use_background_color_gradient=&#8221;on&#8221; background_color_gradient_start=&#8221;rgba(0,0,0,0.4)&#8221; background_color_gradient_end=&#8221;rgba(0,0,0,0.21)&#8221; background_color_gradient_overlays_image=&#8221;on&#8221; background_image=&#8221;https:\/\/letourdevigne.com\/wp-content\/uploads\/2020\/04\/0-Champagne-Vineyards.jpg&#8221; custom_padding=&#8221;15%||15%||true|false&#8221; custom_padding_tablet=&#8221;40%||40%||true|false&#8221; custom_padding_phone=&#8221;75%||20%||false|false&#8221;][\/et_pb_section][et_pb_section fb_built=&#8221;1&#8243; _builder_version=&#8221;4.4.2&#8243; background_color=&#8221;#ffffff&#8221;][et_pb_row _builder_version=&#8221;4.4.4&#8243; locked=&#8221;off&#8221;][et_pb_column type=&#8221;4_4&#8243; _builder_version=&#8221;4.4.2&#8243;][et_pb_text _builder_version=&#8221;4.4.4&#8243; text_font=&#8221;Century Gothic||||||||&#8221; text_text_color=&#8221;#000000&#8243; header_4_font=&#8221;Neuton||||||||&#8221; header_4_text_align=&#8221;center&#8221; header_4_text_color=&#8221;#000000&#8243; header_4_font_size=&#8221;35px&#8221; text_orientation=&#8221;justified&#8221; header_4_font_size_tablet=&#8221;31px&#8221; header_4_font_size_phone=&#8221;25px&#8221; header_4_font_size_last_edited=&#8221;on|phone&#8221; locked=&#8221;off&#8221;]<\/p>\n<h4>El champagne est\u00e1 catalogado como Patrimonio de la Humanidad por la UNESCO<\/h4>\n<p>&nbsp;<\/p>\n<p>[\/et_pb_text][\/et_pb_column][\/et_pb_row][et_pb_row column_structure=&#8221;1_2,1_2&#8243; use_custom_gutter=&#8221;on&#8221; gutter_width=&#8221;4&#8243; _builder_version=&#8221;4.4.2&#8243; width=&#8221;85%&#8221; max_width=&#8221;1180px&#8221;][et_pb_column type=&#8221;1_2&#8243; _builder_version=&#8221;4.4.1&#8243;][et_pb_slider show_arrows=&#8221;off&#8221; _builder_version=&#8221;4.6.6&#8243; auto=&#8221;on&#8221; auto_speed=&#8221;3000&#8243; auto_ignore_hover=&#8221;on&#8221; hover_enabled=&#8221;0&#8243; sticky_enabled=&#8221;0&#8243;][et_pb_slide _builder_version=&#8221;4.6.6&#8243; background_enable_color=&#8221;off&#8221; background_image=&#8221;https:\/\/letourdevigne.com\/wp-content\/uploads\/2020\/04\/4-dom-perignon.jpeg&#8221; background_enable_image=&#8221;on&#8221; background_position=&#8221;top_center&#8221; custom_padding=&#8221;200px||200px||true|false&#8221; hover_enabled=&#8221;0&#8243; sticky_transition=&#8221;on&#8221; sticky_enabled=&#8221;0&#8243;][\/et_pb_slide][et_pb_slide _builder_version=&#8221;4.6.6&#8243; background_enable_color=&#8221;off&#8221; background_image=&#8221;https:\/\/letourdevigne.com\/wp-content\/uploads\/2020\/04\/0-Champagne-Vineyards.jpg&#8221; background_enable_image=&#8221;on&#8221; hover_enabled=&#8221;0&#8243; sticky_transition=&#8221;on&#8221; sticky_enabled=&#8221;0&#8243;][\/et_pb_slide][et_pb_slide _builder_version=&#8221;4.4.4&#8243; background_enable_color=&#8221;off&#8221; background_image=&#8221;https:\/\/letourdevigne.com\/wp-content\/uploads\/2020\/04\/dessin-vigne-de-champagne.jpg&#8221; background_enable_image=&#8221;on&#8221; sticky_transition=&#8221;on&#8221;][\/et_pb_slide][et_pb_slide _builder_version=&#8221;4.4.4&#8243; background_enable_color=&#8221;off&#8221; background_image=&#8221;https:\/\/letourdevigne.com\/wp-content\/uploads\/2020\/05\/3-carte-de-la-champagne.png&#8221; background_enable_image=&#8221;on&#8221; sticky_transition=&#8221;on&#8221;][\/et_pb_slide][\/et_pb_slider][\/et_pb_column][et_pb_column type=&#8221;1_2&#8243; _builder_version=&#8221;4.4.1&#8243;][et_pb_text _builder_version=&#8221;4.4.8&#8243; text_font=&#8221;Century Gothic||||||||&#8221; text_text_color=&#8221;#000000&#8243; header_4_font=&#8221;Neuton||||||||&#8221; header_4_text_color=&#8221;#000000&#8243; header_4_font_size=&#8221;35px&#8221; text_orientation=&#8221;justified&#8221; header_4_font_size_tablet=&#8221;&#8221; header_4_font_size_phone=&#8221;30px&#8221; header_4_font_size_last_edited=&#8221;on|phone&#8221;]<\/p>\n<h4 style=\"text-align: left;\">Historia del Champagne<\/h4>\n<p>Champagne, una regi\u00f3n francesa al noreste de Par\u00eds, tierra de cultivo de vino desde la \u00e9poca galorromana, la cual se hizo famosa por sus vinos suaves (no espumosos) en la Edad Media. En 1670, Dom P\u00e9rignon, un monje de la abad\u00eda de Hautvillers, cre\u00f3 el vino espumoso de Champagne que empez\u00f3 a seducir a las cortes reales, en particular a la de Luis XV. Las primeras casas de champagne se crearon a principios del siglo XVIII, siendo Ruinart la primera de ellas, creada en 1720. A partir de ese momento, el vino espumoso de champagne invadi\u00f3 Europa en los comienzos del siglo XIX. Su difusi\u00f3n en todo el mundo surgi\u00f3 a ra\u00edz del auge del comercio y fue s\u00f3lo a partir del siglo XX que el champagne se convirti\u00f3 en la bebida favorita de los eventos especiales.<\/p>\n<p>[\/et_pb_text][et_pb_button button_url=&#8221;@ET-DC@eyJkeW5hbWljIjp0cnVlLCJjb250ZW50IjoicG9zdF9saW5rX3VybF9wYWdlIiwic2V0dGluZ3MiOnsicG9zdF9pZCI6IjQzMSJ9fQ==@&#8221; button_text=&#8221;Descubrir\u00a0nuestras excursiones&#8221; button_alignment=&#8221;left&#8221; _builder_version=&#8221;4.4.2&#8243; _dynamic_attributes=&#8221;button_url&#8221; custom_button=&#8221;on&#8221; button_text_size=&#8221;17px&#8221; button_text_color=&#8221;#ffffff&#8221; button_bg_color=&#8221;#947709&#8243; button_border_width=&#8221;0px&#8221; button_border_radius=&#8221;1px&#8221; button_font=&#8221;Century Gothic||||||||&#8221; button_use_icon=&#8221;off&#8221; locked=&#8221;off&#8221;][\/et_pb_button][\/et_pb_column][\/et_pb_row][\/et_pb_section][et_pb_section fb_built=&#8221;1&#8243; _builder_version=&#8221;4.4.2&#8243; background_color=&#8221;#ffffff&#8221; custom_padding=&#8221;0px||||false|false&#8221;][et_pb_row column_structure=&#8221;1_2,1_2&#8243; use_custom_gutter=&#8221;on&#8221; gutter_width=&#8221;4&#8243; _builder_version=&#8221;4.4.2&#8243; width=&#8221;85%&#8221; max_width=&#8221;1180px&#8221; custom_padding=&#8221;||0px|||&#8221;][et_pb_column type=&#8221;1_2&#8243; _builder_version=&#8221;4.4.1&#8243;][et_pb_text _builder_version=&#8221;4.4.3&#8243; text_font=&#8221;Century Gothic||||||||&#8221; text_text_color=&#8221;#000000&#8243; header_4_font=&#8221;Neuton||||||||&#8221; header_4_text_color=&#8221;#000000&#8243; header_4_font_size=&#8221;35px&#8221; text_orientation=&#8221;justified&#8221; custom_margin=&#8221;||8px||false|false&#8221; header_4_font_size_tablet=&#8221;&#8221; header_4_font_size_phone=&#8221;30px&#8221; header_4_font_size_last_edited=&#8221;on|phone&#8221;]<\/p>\n<h4 style=\"text-align: left;\">Los vi\u00f1edos de Champagne<\/h4>\n<p style=\"text-align: justify;\">El vi\u00f1edo de Champagne, que representa menos del 1% de los vi\u00f1edos franceses, con tres variedades principales de uva, chardonay, pinot noir y pinot meunier, est\u00e1 delimitado en cuatro zonas distintas :<\/p>\n<p style=\"padding-left: 60px;\">\u00a0<\/p>\n<p>[\/et_pb_text][et_pb_text _builder_version=&#8221;4.4.2&#8243; text_font=&#8221;Century Gothic||||||||&#8221; text_text_color=&#8221;#000000&#8243; header_4_font=&#8221;Neuton||||||||&#8221; header_4_font_size=&#8221;35px&#8221; text_orientation=&#8221;justified&#8221; custom_padding=&#8221;10px|20px|10px|20px|true|true&#8221; animation_style=&#8221;slide&#8221; animation_direction=&#8221;left&#8221; border_width_all=&#8221;1px&#8221;]<\/p>\n<p style=\"text-align: justify;\"><img loading=\"lazy\" class=\"wp-image-13 alignnone size-medium\" src=\"https:\/\/letourdevigne.com\/wp-content\/uploads\/2020\/03\/LTDV_Picto_Vin_Or-298x300.png\" alt=\"\" width=\"30\" height=\"30\" \/> La monta\u00f1a de Reims, donde domina la tiza profunda y donde se planta principalmente el pinot noir.<\/p>\n<p>[\/et_pb_text][et_pb_text _builder_version=&#8221;4.4.2&#8243; text_font=&#8221;Century Gothic||||||||&#8221; text_text_color=&#8221;#000000&#8243; header_4_font=&#8221;Neuton||||||||&#8221; header_4_font_size=&#8221;35px&#8221; text_orientation=&#8221;justified&#8221; custom_padding=&#8221;10px|20px|10px|20px|true|true&#8221; animation_style=&#8221;slide&#8221; animation_direction=&#8221;left&#8221; border_width_all=&#8221;1px&#8221;]<\/p>\n<p style=\"text-align: justify;\"><img loading=\"lazy\" class=\"wp-image-13 alignnone size-medium\" src=\"https:\/\/letourdevigne.com\/wp-content\/uploads\/2020\/03\/LTDV_Picto_Vin_Or-298x300.png\" alt=\"\" width=\"30\" height=\"30\" \/> El valle del Marne, donde los suelos arcillosos-calc\u00e1reos con tendencia margosa, favorece la presencia mayoritaria del Pinot Meunier.<\/p>\n<p>[\/et_pb_text][et_pb_text _builder_version=&#8221;4.4.4&#8243; text_font=&#8221;Century Gothic||||||||&#8221; text_text_color=&#8221;#000000&#8243; header_4_font=&#8221;Neuton||||||||&#8221; header_4_font_size=&#8221;35px&#8221; text_orientation=&#8221;justified&#8221; custom_padding=&#8221;10px|20px|10px|20px|true|true&#8221; animation_style=&#8221;slide&#8221; animation_direction=&#8221;left&#8221; border_width_all=&#8221;1px&#8221;]<\/p>\n<p style=\"text-align: justify;\"><img loading=\"lazy\" class=\"wp-image-13 alignnone size-medium\" src=\"https:\/\/letourdevigne.com\/wp-content\/uploads\/2020\/03\/LTDV_Picto_Vin_Or-298x300.png\" alt=\"\" width=\"30\" height=\"30\" \/> La C\u00f4te des Blancs, lugar donde la tiza es un elemento fundamental, el chardonay es el protagonista.<\/p>\n<p>[\/et_pb_text][et_pb_text _builder_version=&#8221;4.4.4&#8243; text_font=&#8221;Century Gothic||||||||&#8221; text_text_color=&#8221;#000000&#8243; header_4_font=&#8221;Neuton||||||||&#8221; header_4_font_size=&#8221;35px&#8221; text_orientation=&#8221;justified&#8221; custom_padding=&#8221;10px|20px|10px|20px|true|true&#8221; animation_style=&#8221;slide&#8221; animation_direction=&#8221;left&#8221; border_width_all=&#8221;1px&#8221;]<\/p>\n<p style=\"text-align: justify;\"><img loading=\"lazy\" class=\"wp-image-13 alignnone size-medium\" src=\"https:\/\/letourdevigne.com\/wp-content\/uploads\/2020\/03\/LTDV_Picto_Vin_Or-298x300.png\" alt=\"\" width=\"30\" height=\"30\" \/> La C\u00f4te des Bar con suelos margosos, cuenta con una importante producci\u00f3n de pinot noir.<\/p>\n<p>[\/et_pb_text][et_pb_divider show_divider=&#8221;off&#8221; _builder_version=&#8221;4.4.2&#8243;][\/et_pb_divider][\/et_pb_column][et_pb_column type=&#8221;1_2&#8243; _builder_version=&#8221;4.4.1&#8243;][et_pb_text _builder_version=&#8221;4.4.3&#8243; text_font=&#8221;Century Gothic||||||||&#8221; text_text_color=&#8221;#000000&#8243; header_4_font=&#8221;Neuton||||||||&#8221; header_4_text_color=&#8221;#000000&#8243; header_4_font_size=&#8221;35px&#8221; text_orientation=&#8221;justified&#8221; custom_margin=&#8221;||8px||false|false&#8221; header_4_font_size_tablet=&#8221;&#8221; header_4_font_size_phone=&#8221;30px&#8221; header_4_font_size_last_edited=&#8221;on|phone&#8221;]<\/p>\n<h4 style=\"text-align: left;\">El champagne<\/h4>\n<p style=\"text-align: justify;\">El vino espumoso de champagne se produce conforme a especificaciones muy estrictas, a partir de uvas cultivadas, cosechadas y procesadas en la zona delimitada de Champagne. Los terrenos de Champagne ofrecen un suelo y clima \u00fanicos que se extienden por 319 pueblos (crus), clasificados en tres categor\u00edas :<\/p>\n<p style=\"padding-left: 60px;\">\u00a0<\/p>\n<p>[\/et_pb_text][et_pb_text _builder_version=&#8221;4.4.2&#8243; text_font=&#8221;Century Gothic||||||||&#8221; text_text_color=&#8221;#000000&#8243; header_4_font=&#8221;Neuton||||||||&#8221; header_4_font_size=&#8221;35px&#8221; text_orientation=&#8221;justified&#8221; custom_padding=&#8221;10px|20px|10px|20px|true|true&#8221; animation_style=&#8221;slide&#8221; animation_direction=&#8221;right&#8221; border_width_all=&#8221;1px&#8221;]<\/p>\n<p style=\"text-align: justify;\"><img loading=\"lazy\" class=\"wp-image-13 alignnone size-medium\" src=\"https:\/\/letourdevigne.com\/wp-content\/uploads\/2020\/03\/LTDV_Picto_Vin_Or-298x300.png\" alt=\"\" width=\"30\" height=\"30\" \/> 17 aldeas han sido clasificadas como grand cru por la calidad de su suelo y su exposici\u00f3n, lo que les permite producir uvas de alta calidad.<\/p>\n<p>[\/et_pb_text][et_pb_text _builder_version=&#8221;4.4.2&#8243; text_font=&#8221;Century Gothic||||||||&#8221; text_text_color=&#8221;#000000&#8243; header_4_font=&#8221;Neuton||||||||&#8221; header_4_font_size=&#8221;35px&#8221; text_orientation=&#8221;justified&#8221; custom_padding=&#8221;10px|20px|10px|20px|true|true&#8221; animation_style=&#8221;slide&#8221; animation_direction=&#8221;right&#8221; border_width_all=&#8221;1px&#8221;]<\/p>\n<p style=\"text-align: justify;\"><img loading=\"lazy\" class=\"wp-image-13 alignnone size-medium\" src=\"https:\/\/letourdevigne.com\/wp-content\/uploads\/2020\/03\/LTDV_Picto_Vin_Or-298x300.png\" alt=\"\" width=\"30\" height=\"30\" \/> 44 pueblos clasificados como premier cru.<\/p>\n<p>[\/et_pb_text][et_pb_text _builder_version=&#8221;4.4.2&#8243; text_font=&#8221;Century Gothic||||||||&#8221; text_text_color=&#8221;#000000&#8243; header_4_font=&#8221;Neuton||||||||&#8221; header_4_font_size=&#8221;35px&#8221; text_orientation=&#8221;justified&#8221; custom_padding=&#8221;10px|20px|10px|20px|true|true&#8221; animation_style=&#8221;slide&#8221; animation_direction=&#8221;right&#8221; border_width_all=&#8221;1px&#8221;]<\/p>\n<p style=\"text-align: justify;\"><img loading=\"lazy\" class=\"wp-image-13 alignnone size-medium\" src=\"https:\/\/letourdevigne.com\/wp-content\/uploads\/2020\/03\/LTDV_Picto_Vin_Or-298x300.png\" alt=\"\" width=\"30\" height=\"30\" \/> Los otros pueblos est\u00e1n clasificados como crus de champagne.<\/p>\n<p>[\/et_pb_text][et_pb_button button_url=&#8221;@ET-DC@eyJkeW5hbWljIjp0cnVlLCJjb250ZW50IjoicG9zdF9saW5rX3VybF9wYWdlIiwic2V0dGluZ3MiOnsicG9zdF9pZCI6IjQzMSJ9fQ==@&#8221; button_text=&#8221;Descubrir\u00a0nuestras excursiones&#8221; button_alignment=&#8221;right&#8221; _builder_version=&#8221;4.4.2&#8243; _dynamic_attributes=&#8221;button_url&#8221; custom_button=&#8221;on&#8221; button_text_size=&#8221;17px&#8221; button_text_color=&#8221;#ffffff&#8221; button_bg_color=&#8221;#947709&#8243; button_border_width=&#8221;0px&#8221; button_border_radius=&#8221;1px&#8221; button_font=&#8221;Century Gothic||||||||&#8221; button_use_icon=&#8221;off&#8221; locked=&#8221;off&#8221;][\/et_pb_button][\/et_pb_column][\/et_pb_row][\/et_pb_section][et_pb_section fb_built=&#8221;1&#8243; _builder_version=&#8221;4.4.7&#8243; background_color=&#8221;#333332&#8243; background_image=&#8221;https:\/\/letourdevigne.com\/wp-content\/uploads\/2020\/03\/JBOQIUHG-10.png&#8221; custom_padding=&#8221;5px||20px||false|false&#8221; locked=&#8221;off&#8221;][et_pb_row _builder_version=&#8221;4.4.1&#8243; custom_padding=&#8221;15px||15px||true|false&#8221;][et_pb_column type=&#8221;4_4&#8243; _builder_version=&#8221;4.4.1&#8243;][et_pb_text _builder_version=&#8221;4.4.3&#8243; text_font=&#8221;Century Gothic||||||||&#8221; text_text_color=&#8221;#ffffff&#8221; text_font_size=&#8221;16px&#8221; header_3_font=&#8221;Neuton||||||||&#8221; header_3_text_align=&#8221;center&#8221; header_3_text_color=&#8221;#ffffff&#8221; header_3_font_size=&#8221;40px&#8221; header_3_line_height=&#8221;2em&#8221; text_orientation=&#8221;center&#8221; custom_margin=&#8221;||-1px||false|false&#8221; header_3_font_size_tablet=&#8221;&#8221; header_3_font_size_phone=&#8221;30px&#8221; header_3_font_size_last_edited=&#8221;on|phone&#8221; locked=&#8221;off&#8221; custom_margin__hover_enabled=&#8221;on|desktop&#8221;]<\/p>\n<h3>Cont\u00e1ctenos<\/h3>\n<p>[\/et_pb_text][et_pb_button button_url=&#8221;https:\/\/letourdevigne.com\/es\/contacto-y-cotizaciones\/&#8221; button_text=&#8221;Expl\u00edquenos cual excursi\u00f3n le apetece&#8221; button_alignment=&#8221;center&#8221; _builder_version=&#8221;4.4.2&#8243; custom_button=&#8221;on&#8221; button_text_size=&#8221;17px&#8221; button_text_color=&#8221;#ffffff&#8221; button_bg_color=&#8221;#947709&#8243; button_border_width=&#8221;0px&#8221; button_border_radius=&#8221;1px&#8221; button_font=&#8221;Century Gothic||||||||&#8221; button_use_icon=&#8221;off&#8221; locked=&#8221;off&#8221;][\/et_pb_button][et_pb_text _builder_version=&#8221;4.4.7&#8243; text_font=&#8221;Century Gothic||||||||&#8221; text_text_color=&#8221;#ffffff&#8221; text_font_size=&#8221;16px&#8221; header_3_font=&#8221;Neuton||||||||&#8221; header_3_text_align=&#8221;center&#8221; header_3_text_color=&#8221;#ffffff&#8221; header_3_font_size=&#8221;40px&#8221; header_3_line_height=&#8221;2em&#8221; text_orientation=&#8221;center&#8221; locked=&#8221;off&#8221; custom_margin__hover_enabled=&#8221;on|desktop&#8221;]<\/p>\n<p><span style=\"color: #ffffff;\"><a style=\"color: #ffffff;\" href=\"tel:+33768970917\">+33 (0)7 68 97 09 17<\/a><\/span> <span style=\"color: #ffffff;\"> <a style=\"color: #ffffff;\" href=\"mailto:contact@letourdevigne.com\">contact@letourdevigne.com<\/a><\/span><\/p>\n<p>[\/et_pb_text][et_pb_text _builder_version=&#8221;4.4.8&#8243; text_font=&#8221;Century Gothic||||||||&#8221; text_text_color=&#8221;#ffffff&#8221; text_font_size=&#8221;16px&#8221; header_3_font=&#8221;Neuton||||||||&#8221; header_3_text_align=&#8221;center&#8221; header_3_text_color=&#8221;#ffffff&#8221; header_3_font_size=&#8221;40px&#8221; header_3_line_height=&#8221;2em&#8221; text_orientation=&#8221;center&#8221; locked=&#8221;off&#8221; custom_margin__hover_enabled=&#8221;on|desktop&#8221;]<\/p>\n<p><a href=\"https:\/\/www.facebook.com\/Le-Tour-de-Vigne-104184097801365\/\"><img loading=\"lazy\" class=\"wp-image-1080 alignnone size-full\" src=\"https:\/\/letourdevigne.com\/wp-content\/uploads\/2020\/04\/RS-1.png\" alt=\"\" width=\"28\" height=\"28\" \/><\/a>\u2002\u00a0<a href=\"https:\/\/www.instagram.com\/letourdevigne\/\"><img loading=\"lazy\" class=\"wp-image-820 alignnone size-full\" src=\"https:\/\/letourdevigne.com\/wp-content\/uploads\/2020\/04\/2.png\" alt=\"\" width=\"28\" height=\"28\" \/><\/a>\u2002 <a href=\"https:\/\/www.linkedin.com\/company\/letour-devigne\/about\/\"><img loading=\"lazy\" class=\"wp-image-1081 alignnone size-full\" src=\"https:\/\/letourdevigne.com\/wp-content\/uploads\/2020\/04\/RS-1-1.png\" alt=\"\" width=\"28\" height=\"28\" \/><\/a>\u00a0\u2002<a href=\"https:\/\/wa.me\/33768970917\"><img loading=\"lazy\" class=\"wp-image-1029 alignnone size-full\" src=\"https:\/\/letourdevigne.com\/wp-content\/uploads\/2020\/04\/Sans-titre-1-1.png\" alt=\"\" width=\"28\" height=\"28\" \/><\/a><\/p>\n<p>[\/et_pb_text][\/et_pb_column][\/et_pb_row][\/et_pb_section]<\/p>\n","protected":false},"excerpt":{"rendered":"<p>[et_pb_section fb_built=&#8221;1&#8243; custom_padding_last_edited=&#8221;on|phone&#8221; _builder_version=&#8221;4.4.8&#8243; use_background_color_gradient=&#8221;on&#8221; background_color_gradient_start=&#8221;rgba(0,0,0,0.4)&#8221; background_color_gradient_end=&#8221;rgba(0,0,0,0.21)&#8221; background_color_gradient_overlays_image=&#8221;on&#8221; background_image=&#8221;https:\/\/letourdevigne.com\/wp-content\/uploads\/2020\/04\/0-Champagne-Vineyards.jpg&#8221; custom_padding=&#8221;15%||15%||true|false&#8221; custom_padding_tablet=&#8221;40%||40%||true|false&#8221; custom_padding_phone=&#8221;75%||20%||false|false&#8221;][\/et_pb_section][et_pb_section fb_built=&#8221;1&#8243; _builder_version=&#8221;4.4.2&#8243; background_color=&#8221;#ffffff&#8221;][et_pb_row _builder_version=&#8221;4.4.4&#8243; locked=&#8221;off&#8221;][et_pb_column type=&#8221;4_4&#8243; _builder_version=&#8221;4.4.2&#8243;][et_pb_text _builder_version=&#8221;4.4.4&#8243; text_font=&#8221;Century Gothic||||||||&#8221; text_text_color=&#8221;#000000&#8243; header_4_font=&#8221;Neuton||||||||&#8221; header_4_text_align=&#8221;center&#8221; header_4_text_color=&#8221;#000000&#8243; header_4_font_size=&#8221;35px&#8221; text_orientation=&#8221;justified&#8221; header_4_font_size_tablet=&#8221;31px&#8221; header_4_font_size_phone=&#8221;25px&#8221; header_4_font_size_last_edited=&#8221;on|phone&#8221; locked=&#8221;off&#8221;] El champagne est\u00e1 catalogado como Patrimonio de la Humanidad por la UNESCO &nbsp; [\/et_pb_text][\/et_pb_column][\/et_pb_row][et_pb_row column_structure=&#8221;1_2,1_2&#8243; use_custom_gutter=&#8221;on&#8221; gutter_width=&#8221;4&#8243; _builder_version=&#8221;4.4.2&#8243; width=&#8221;85%&#8221; max_width=&#8221;1180px&#8221;][et_pb_column type=&#8221;1_2&#8243; _builder_version=&#8221;4.4.1&#8243;][et_pb_slider show_arrows=&#8221;off&#8221; [&hellip;]<\/p>\n","protected":false},"author":1,"featured_media":0,"parent":0,"menu_order":0,"comment_status":"closed","ping_status":"closed","template":"","meta":{"_et_pb_use_builder":"on","_et_pb_old_content":"","_et_gb_content_width":""},"yoast_head":"<!-- This site is optimized with the Yoast SEO plugin v16.4 - https:\/\/yoast.com\/wordpress\/plugins\/seo\/ -->\n<title>La regi\u00f3n de Champagne | Descubre esta tierra de cultura del vino<\/title>\n<meta name=\"description\" content=\"El champ\u00e1n, un vino espumoso que se descubrir\u00e1 en la regi\u00f3n de Champagne acompa\u00f1ado por un experto enol\u00f3gico.\" \/>\n<meta name=\"robots\" content=\"index, follow, max-snippet:-1, max-image-preview:large, max-video-preview:-1\" \/>\n<link rel=\"canonical\" href=\"https:\/\/letourdevigne.com\/es\/el-champagne\/\" \/>\n<meta property=\"og:locale\" content=\"es_ES\" \/>\n<meta property=\"og:type\" content=\"article\" \/>\n<meta property=\"og:title\" content=\"La regi\u00f3n de Champagne | Descubre esta tierra de cultura del vino\" \/>\n<meta property=\"og:description\" content=\"El champ\u00e1n, un vino espumoso que se descubrir\u00e1 en la regi\u00f3n de Champagne acompa\u00f1ado por un experto enol\u00f3gico.\" \/>\n<meta property=\"og:url\" content=\"https:\/\/letourdevigne.com\/es\/el-champagne\/\" \/>\n<meta property=\"og:site_name\" content=\"Le Tour de Vigne\" \/>\n<meta property=\"article:modified_time\" content=\"2020-11-03T18:01:14+00:00\" \/>\n<meta property=\"og:image\" content=\"https:\/\/letourdevigne.com\/wp-content\/uploads\/2020\/03\/LTDV_Picto_Vin_Or-298x300.png\" \/>\n<meta name=\"twitter:card\" content=\"summary_large_image\" \/>\n<meta name=\"twitter:label1\" content=\"Tiempo de lectura\" \/>\n\t<meta name=\"twitter:data1\" content=\"8 minutos\" \/>\n<script type=\"application\/ld+json\" class=\"yoast-schema-graph\">{\"@context\":\"https:\/\/schema.org\",\"@graph\":[{\"@type\":\"Organization\",\"@id\":\"https:\/\/letourdevigne.com\/#organization\",\"name\":\"Le Tour de Vigne\",\"url\":\"https:\/\/letourdevigne.com\/\",\"sameAs\":[],\"logo\":{\"@type\":\"ImageObject\",\"@id\":\"https:\/\/letourdevigne.com\/#logo\",\"inLanguage\":\"es\",\"url\":\"https:\/\/letourdevigne.com\/wp-content\/uploads\/2020\/03\/Logo_LeTourDeVigne_AvecSlogan_BlancCouleurs.png\",\"contentUrl\":\"https:\/\/letourdevigne.com\/wp-content\/uploads\/2020\/03\/Logo_LeTourDeVigne_AvecSlogan_BlancCouleurs.png\",\"width\":2703,\"height\":2610,\"caption\":\"Le Tour de Vigne\"},\"image\":{\"@id\":\"https:\/\/letourdevigne.com\/#logo\"}},{\"@type\":\"WebSite\",\"@id\":\"https:\/\/letourdevigne.com\/#website\",\"url\":\"https:\/\/letourdevigne.com\/\",\"name\":\"Le Tour de Vigne\",\"description\":\"Exclusive Champagne Experience\",\"publisher\":{\"@id\":\"https:\/\/letourdevigne.com\/#organization\"},\"potentialAction\":[{\"@type\":\"SearchAction\",\"target\":\"https:\/\/letourdevigne.com\/?s={search_term_string}\",\"query-input\":\"required name=search_term_string\"}],\"inLanguage\":\"es\"},{\"@type\":\"ImageObject\",\"@id\":\"https:\/\/letourdevigne.com\/es\/el-champagne\/#primaryimage\",\"inLanguage\":\"es\",\"url\":\"https:\/\/letourdevigne.com\/wp-content\/uploads\/2020\/03\/LTDV_Picto_Vin_Or.png\",\"contentUrl\":\"https:\/\/letourdevigne.com\/wp-content\/uploads\/2020\/03\/LTDV_Picto_Vin_Or.png\",\"width\":993,\"height\":1000,\"caption\":\"Picto verre Le tour de vigne\"},{\"@type\":\"WebPage\",\"@id\":\"https:\/\/letourdevigne.com\/es\/el-champagne\/#webpage\",\"url\":\"https:\/\/letourdevigne.com\/es\/el-champagne\/\",\"name\":\"La regi\\u00f3n de Champagne | Descubre esta tierra de cultura del vino\",\"isPartOf\":{\"@id\":\"https:\/\/letourdevigne.com\/#website\"},\"primaryImageOfPage\":{\"@id\":\"https:\/\/letourdevigne.com\/es\/el-champagne\/#primaryimage\"},\"datePublished\":\"2020-07-29T13:43:41+00:00\",\"dateModified\":\"2020-11-03T18:01:14+00:00\",\"description\":\"El champ\\u00e1n, un vino espumoso que se descubrir\\u00e1 en la regi\\u00f3n de Champagne acompa\\u00f1ado por un experto enol\\u00f3gico.\",\"breadcrumb\":{\"@id\":\"https:\/\/letourdevigne.com\/es\/el-champagne\/#breadcrumb\"},\"inLanguage\":\"es\",\"potentialAction\":[{\"@type\":\"ReadAction\",\"target\":[\"https:\/\/letourdevigne.com\/es\/el-champagne\/\"]}]},{\"@type\":\"BreadcrumbList\",\"@id\":\"https:\/\/letourdevigne.com\/es\/el-champagne\/#breadcrumb\",\"itemListElement\":[{\"@type\":\"ListItem\",\"position\":1,\"item\":{\"@type\":\"WebPage\",\"@id\":\"https:\/\/letourdevigne.com\/es\/\",\"url\":\"https:\/\/letourdevigne.com\/es\/\",\"name\":\"Accueil\"}},{\"@type\":\"ListItem\",\"position\":2,\"item\":{\"@id\":\"https:\/\/letourdevigne.com\/es\/el-champagne\/#webpage\"}}]}]}<\/script>\n<!-- \/ Yoast SEO plugin. -->","_links":{"self":[{"href":"https:\/\/letourdevigne.com\/es\/wp-json\/wp\/v2\/pages\/4482"}],"collection":[{"href":"https:\/\/letourdevigne.com\/es\/wp-json\/wp\/v2\/pages"}],"about":[{"href":"https:\/\/letourdevigne.com\/es\/wp-json\/wp\/v2\/types\/page"}],"author":[{"embeddable":true,"href":"https:\/\/letourdevigne.com\/es\/wp-json\/wp\/v2\/users\/1"}],"replies":[{"embeddable":true,"href":"https:\/\/letourdevigne.com\/es\/wp-json\/wp\/v2\/comments?post=4482"}],"version-history":[{"count":27,"href":"https:\/\/letourdevigne.com\/es\/wp-json\/wp\/v2\/pages\/4482\/revisions"}],"predecessor-version":[{"id":5543,"href":"https:\/\/letourdevigne.com\/es\/wp-json\/wp\/v2\/pages\/4482\/revisions\/5543"}],"wp:attachment":[{"href":"https:\/\/letourdevigne.com\/es\/wp-json\/wp\/v2\/media?parent=4482"}],"curies":[{"name":"wp","href":"https:\/\/api.w.org\/{rel}","templated":true}]}}