{"id":4503,"date":"2020-07-29T15:55:23","date_gmt":"2020-07-29T13:55:23","guid":{"rendered":"https:\/\/letourdevigne.com\/contacto-y-cotizaciones\/"},"modified":"2020-10-28T09:39:52","modified_gmt":"2020-10-28T08:39:52","slug":"contacto-y-cotizaciones","status":"publish","type":"page","link":"https:\/\/letourdevigne.com\/es\/contacto-y-cotizaciones\/","title":{"rendered":"CONTACTO Y COTIZACIONES"},"content":{"rendered":"<p>[et_pb_section fb_built=&#8221;1&#8243; custom_padding_last_edited=&#8221;on|desktop&#8221; _builder_version=&#8221;4.4.7&#8243; use_background_color_gradient=&#8221;on&#8221; background_color_gradient_start=&#8221;rgba(0,0,0,0.4)&#8221; background_color_gradient_end=&#8221;rgba(0,0,0,0.4)&#8221; background_color_gradient_overlays_image=&#8221;on&#8221; background_image=&#8221;https:\/\/letourdevigne.com\/wp-content\/uploads\/2020\/04\/moulin-de-verzenay-champagne.jpg&#8221; custom_padding=&#8221;15%||10%||false|false&#8221; custom_padding_tablet=&#8221;45%||5%||false|false&#8221; custom_padding_phone=&#8221;50%||||false|false&#8221;][et_pb_row column_structure=&#8221;3_5,2_5&#8243; disabled_on=&#8221;off|off|off&#8221; _builder_version=&#8221;4.4.6&#8243;][et_pb_column type=&#8221;3_5&#8243; _builder_version=&#8221;4.4.1&#8243;][et_pb_text _builder_version=&#8221;4.4.3&#8243; text_font=&#8221;Century Gothic||||||||&#8221; text_text_color=&#8221;#000000&#8243; header_4_font=&#8221;Neuton||||||||&#8221; header_4_text_align=&#8221;left&#8221; header_4_text_color=&#8221;#ffffff&#8221; header_4_font_size=&#8221;30px&#8221; text_orientation=&#8221;justified&#8221; header_4_font_size_tablet=&#8221;&#8221; header_4_font_size_phone=&#8221;25px&#8221; header_4_font_size_last_edited=&#8221;on|phone&#8221;]<\/p>\n<h4><span style=\"font-weight: 400;\">Cont\u00e1ctenos para una cotizaci\u00f3n<\/span><\/h4>\n<p>[\/et_pb_text][et_pb_code _builder_version=&#8221;4.6.6&#8243; background_color=&#8221;rgba(0,0,0,0)&#8221; text_orientation=&#8221;left&#8221; hover_enabled=&#8221;0&#8243; sticky_enabled=&#8221;0&#8243;]<div class=\"caldera-grid\" id=\"caldera_form_1\" data-cf-ver=\"1.9.4\" data-cf-form-id=\"CF5f2458a16ac40\"><div id=\"caldera_notices_1\" data-spinner=\"https:\/\/letourdevigne.com\/wp-admin\/images\/spinner.gif\"><\/div><form data-instance=\"1\" class=\"CF5f2458a16ac40 caldera_forms_form cfajax-trigger\" method=\"POST\" enctype=\"multipart\/form-data\" id=\"CF5f2458a16ac40_1\" data-form-id=\"CF5f2458a16ac40\" aria-label=\"Contacto y cotizaciones\" data-target=\"#caldera_notices_1\" data-template=\"#cfajax_CF5f2458a16ac40-tmpl\" data-cfajax=\"CF5f2458a16ac40\" data-load-element=\"_parent\" data-load-class=\"cf_processing\" data-post-disable=\"0\" data-action=\"cf_process_ajax_submit\" data-request=\"https:\/\/letourdevigne.com\/es\/\/cf-api\/CF5f2458a16ac40\" data-hiderows=\"true\">\r\n<input type=\"hidden\" id=\"_cf_verify_CF5f2458a16ac40\" name=\"_cf_verify\" value=\"79f42c3cd8\"  data-nonce-time=\"1776283198\" \/><input type=\"hidden\" name=\"_wp_http_referer\" value=\"\/es\/wp-json\/wp\/v2\/pages\/4503\" \/><div id=\"cf2-CF5f2458a16ac40_1\"><\/div><input type=\"hidden\" name=\"_cf_frm_id\" value=\"CF5f2458a16ac40\">\r\n<input type=\"hidden\" name=\"_cf_frm_ct\" value=\"1\">\r\n<input type=\"hidden\" name=\"cfajax\" value=\"CF5f2458a16ac40\">\r\n<input type=\"hidden\" name=\"_cf_cr_pst\" value=\"4503\">\r\n<div class=\"hide\" style=\"display:none; overflow:hidden;height:0;width:0;\">\r\n<label>Web Site<\/label><input type=\"text\" name=\"web_site\" value=\"\" autocomplete=\"off\">\r\n<\/div><div id=\"CF5f2458a16ac40_1-row-1\"  class=\"row  first_row\"><div  class=\"col-sm-12  single\"><div data-field-wrapper=\"fld_9432921\" class=\"form-group\" id=\"fld_9432921_1-wrap\">\r\n\t<label id=\"fld_9432921Label\" for=\"fld_9432921_1\" class=\"control-label\">Nombre y apellido<\/label>\r\n\t<div class=\"\">\r\n\t\t<input    type=\"text\" data-field=\"fld_9432921\" class=\" form-control\" id=\"fld_9432921_1\" name=\"fld_9432921\" value=\"\" data-type=\"text\"   aria-labelledby=\"fld_9432921Label\" >\t\t\t<\/div>\r\n<\/div>\r\n<\/div><\/div><div id=\"CF5f2458a16ac40_1-row-2\"  class=\"row \"><div  class=\"col-sm-6  first_col\"><div data-field-wrapper=\"fld_2596962\" class=\"form-group\" id=\"fld_2596962_1-wrap\">\r\n\t<label id=\"fld_2596962Label\" for=\"fld_2596962_1\" class=\"control-label\">Tel\u00e9fono<\/label>\r\n\t<div class=\"\">\r\n\t\t<input    type=\"text\" data-field=\"fld_2596962\" class=\" form-control\" id=\"fld_2596962_1\" name=\"fld_2596962\" value=\"\" data-type=\"text\"   aria-labelledby=\"fld_2596962Label\" >\t\t\t<\/div>\r\n<\/div>\r\n<div data-field-wrapper=\"fld_6496615\" class=\"form-group\" id=\"fld_6496615_1-wrap\">\r\n\t<label id=\"fld_6496615Label\" for=\"fld_6496615_1\" class=\"control-label\">N\u00famero de personas <span aria-hidden=\"true\" role=\"presentation\" class=\"field_required\" style=\"color:#ee0000;\">*<\/span><\/label>\r\n\t<div class=\"\">\r\n\t\t<input   required type=\"number\" data-field=\"fld_6496615\" class=\" form-control\" id=\"fld_6496615_1\" name=\"fld_6496615\" value=\"\" data-type=\"number\" data-parsley-type=\"number\" aria-required=\"true\"   aria-labelledby=\"fld_6496615Label\" >\t\t\t<\/div>\r\n<\/div>\r\n<div data-field-wrapper=\"fld_9356744\" class=\"form-group\" id=\"fld_9356744_1-wrap\">\r\n\t<label id=\"fld_9356744Label\" for=\"fld_9356744_1\" class=\"control-label\">Fecha prevista <span aria-hidden=\"true\" role=\"presentation\" class=\"field_required\" style=\"color:#ee0000;\">*<\/span><\/label>\r\n\t<div class=\"\">\r\n\t\t<input   required type=\"date\" data-field=\"fld_9356744\" class=\" form-control\" id=\"fld_9356744_1\" name=\"fld_9356744\" value=\"\" data-type=\"date\" aria-required=\"true\"   aria-labelledby=\"fld_9356744Label\" >\t\t\t<\/div>\r\n<\/div>\r\n<\/div><div  class=\"col-sm-6  last_col\"><div data-field-wrapper=\"fld_7900587\" class=\"form-group\" id=\"fld_7900587_1-wrap\">\r\n\t<label id=\"fld_7900587Label\" for=\"fld_7900587_1\" class=\"control-label\">Correo electr\u00f3nico <span aria-hidden=\"true\" role=\"presentation\" class=\"field_required\" style=\"color:#ee0000;\">*<\/span><\/label>\r\n\t<div class=\"\">\r\n\t\t<input   required type=\"email\" data-field=\"fld_7900587\" class=\" form-control\" id=\"fld_7900587_1\" name=\"fld_7900587\" value=\"\" data-type=\"email\" aria-required=\"true\"   aria-labelledby=\"fld_7900587Label\" >\t\t\t<\/div>\r\n<\/div>\r\n<div data-field-wrapper=\"fld_447653\" class=\"form-group\" id=\"fld_447653_1-wrap\">\r\n\t<label id=\"fld_447653Label\" for=\"fld_447653_1\" class=\"control-label\">Excursi\u00f3n prevista<\/label>\r\n\t<div class=\"\">\r\n\t\t<select name=\"fld_447653\" value=\"\" data-field=\"fld_447653\" class=\"form-control\" id=\"fld_447653_1\"    aria-labelledby=\"fld_447653Label\" >\n\t\t<option value=\"\"><\/option>\r\n\t\t\t\t\t<option value=\"Experiencia Premium - 1 d\u00eda\"  data-calc-value=\"Experiencia Premium - 1 d\u00eda\" >\n\t\t\t\t\t\tExperiencia Premium - 1 d\u00eda\t\t\t\t\t<\/option>\n\t\t\t\t\t\t\t\t\t\t<option value=\"Experiencia Privilegiada - 2 d\u00eda\"  data-calc-value=\"Experiencia Privilegiada - 2 d\u00eda\" >\n\t\t\t\t\t\tExperiencia Privilegiada - 2 d\u00eda\t\t\t\t\t<\/option>\n\t\t\t\t\t\t\t\t\t\t<option value=\"Otro\"  data-calc-value=\"Otro\" >\n\t\t\t\t\t\tOtro\t\t\t\t\t<\/option>\n\t\t\t\t\t\t\t<\/select>\n\t\t\t<\/div>\r\n<\/div>\r\n<div data-field-wrapper=\"fld_3689505\" class=\"form-group\" id=\"fld_3689505_1-wrap\">\r\n\t<label id=\"fld_3689505Label\" for=\"fld_3689505_1\" class=\"control-label\">Ciudad de salida <span aria-hidden=\"true\" role=\"presentation\" class=\"field_required\" style=\"color:#ee0000;\">*<\/span><\/label>\r\n\t<div class=\"\">\r\n\t\t<select name=\"fld_3689505\" value=\"\" data-field=\"fld_3689505\" class=\"form-control\" id=\"fld_3689505_1\"  required=\"required\"  aria-labelledby=\"fld_3689505Label\" >\n\t\t<option value=\"\"><\/option>\r\n\t\t\t\t\t<option value=\"Paris\"  data-calc-value=\"Paris\" >\n\t\t\t\t\t\tParis\t\t\t\t\t<\/option>\n\t\t\t\t\t\t\t\t\t\t<option value=\"Reims\"  data-calc-value=\"Reims\" >\n\t\t\t\t\t\tReims\t\t\t\t\t<\/option>\n\t\t\t\t\t\t\t\t\t\t<option value=\"Epernay\"  data-calc-value=\"Epernay\" >\n\t\t\t\t\t\tEpernay\t\t\t\t\t<\/option>\n\t\t\t\t\t\t\t\t\t\t<option value=\"Otro\"  data-calc-value=\"Otro\" >\n\t\t\t\t\t\tOtro\t\t\t\t\t<\/option>\n\t\t\t\t\t\t\t<\/select>\n\t\t\t<\/div>\r\n<\/div>\r\n<\/div><\/div><div id=\"CF5f2458a16ac40_1-row-3\"  class=\"row  last_row\"><div  class=\"col-sm-12  single\"><div data-field-wrapper=\"fld_4089741\" class=\"form-group\" id=\"fld_4089741_1-wrap\">\r\n\t<label id=\"fld_4089741Label\" for=\"fld_4089741_1\" class=\"control-label\">Sus intereses y expectativas<\/label>\r\n\t<div class=\"\">\r\n\t\t<textarea name=\"fld_4089741\" value=\"\" data-field=\"fld_4089741\" class=\"form-control\" id=\"fld_4089741_1\" rows=\"4\"    aria-labelledby=\"fld_4089741Label\" ><\/textarea>\n\t\t\t<\/div>\r\n<\/div>\r\n<div data-field-wrapper=\"fld_7167496\" class=\"form-group\" id=\"fld_7167496_1-wrap\">\r\n<div class=\"\">\r\n\t<input  class=\"btn btn-default\" type=\"submit\" name=\"fld_7167496\" id=\"fld_7167496_1\" value=\"Enviar\" data-field=\"fld_7167496\"  >\n<\/div>\r\n<\/div>\r\n\t<input class=\"button_trigger_1\" type=\"hidden\" name=\"fld_7167496\" id=\"fld_7167496_1_btn\" value=\"\" data-field=\"fld_7167496\"  \/>\n<\/div><\/div><\/form>\r\n<\/div>\r\n[\/et_pb_code][\/et_pb_column][et_pb_column type=&#8221;2_5&#8243; _builder_version=&#8221;4.4.1&#8243;][et_pb_image src=&#8221;https:\/\/letourdevigne.com\/wp-content\/uploads\/2020\/03\/Logo_LeTourDeVigne_AvecSlogan_BlancCouleurs.png&#8221; alt=&#8221;Logo Le tour de vigne&#8221; title_text=&#8221;logo-letourdevigne-avecslogan-blanc-couleurs&#8221; url=&#8221;@ET-DC@eyJkeW5hbWljIjp0cnVlLCJjb250ZW50IjoicG9zdF9saW5rX3VybF9wYWdlIiwic2V0dGluZ3MiOnsicG9zdF9pZCI6IjM3OSJ9fQ==@&#8221; _builder_version=&#8221;4.6.4&#8243; _dynamic_attributes=&#8221;url&#8221; max_width=&#8221;50%&#8221; max_width_tablet=&#8221;50%&#8221; max_width_phone=&#8221;&#8221; max_width_last_edited=&#8221;on|tablet&#8221; module_alignment=&#8221;center&#8221; custom_margin=&#8221;100px||||false|false&#8221; custom_margin_tablet=&#8221;50px||||false|false&#8221; custom_margin_phone=&#8221;40px||||false|false&#8221; custom_margin_last_edited=&#8221;on|tablet&#8221;][\/et_pb_image][et_pb_text _builder_version=&#8221;4.6.4&#8243; text_font=&#8221;Century Gothic||||||||&#8221; text_text_color=&#8221;#000000&#8243; header_4_font=&#8221;Neuton||||||||&#8221; header_4_text_align=&#8221;center&#8221; header_4_text_color=&#8221;#ffffff&#8221; header_4_font_size=&#8221;30px&#8221; text_orientation=&#8221;justified&#8221; locked=&#8221;off&#8221;]<\/p>\n<h4>Cont\u00e1ctenos para convertir sus sue\u00f1os en realidad<\/h4>\n<p>[\/et_pb_text][et_pb_text _builder_version=&#8221;4.4.7&#8243; text_font=&#8221;Century Gothic||||||||&#8221; text_text_color=&#8221;#ffffff&#8221; text_font_size=&#8221;16px&#8221; header_3_font=&#8221;Neuton||||||||&#8221; header_3_text_align=&#8221;center&#8221; header_3_text_color=&#8221;#ffffff&#8221; header_3_font_size=&#8221;40px&#8221; header_3_line_height=&#8221;2em&#8221; text_orientation=&#8221;center&#8221; locked=&#8221;off&#8221; custom_margin__hover_enabled=&#8221;on|desktop&#8221;]<\/p>\n<p><span style=\"color: #ffffff;\"><a href=\"tel:+33768970917\" style=\"color: #ffffff;\">+33 (0)7 68 97 09 17<\/a><\/span><br \/><span style=\"color: #ffffff;\"> <a href=\"mailto:contact@letourdevigne.com\" style=\"color: #ffffff;\">contact@letourdevigne.com<\/a><\/span><\/p>\n<p>[\/et_pb_text][et_pb_text _builder_version=&#8221;4.4.8&#8243; text_font=&#8221;Century Gothic||||||||&#8221; text_text_color=&#8221;#ffffff&#8221; text_font_size=&#8221;16px&#8221; header_3_font=&#8221;Neuton||||||||&#8221; header_3_text_align=&#8221;center&#8221; header_3_text_color=&#8221;#ffffff&#8221; header_3_font_size=&#8221;40px&#8221; header_3_line_height=&#8221;2em&#8221; text_orientation=&#8221;center&#8221; locked=&#8221;off&#8221; custom_margin__hover_enabled=&#8221;on|desktop&#8221;]<\/p>\n<p><a href=\"https:\/\/www.facebook.com\/Le-Tour-de-Vigne-104184097801365\/\"><img loading=\"lazy\" src=\"https:\/\/letourdevigne.com\/wp-content\/uploads\/2020\/04\/RS-1.png\" width=\"28\" height=\"28\" alt=\"\" class=\"wp-image-1080 alignnone size-full\" \/><\/a>&ensp;\u00a0<a href=\"https:\/\/www.instagram.com\/letourdevigne\/\"><img loading=\"lazy\" src=\"https:\/\/letourdevigne.com\/wp-content\/uploads\/2020\/04\/2.png\" width=\"28\" height=\"28\" alt=\"\" class=\"wp-image-820 alignnone size-full\" \/><\/a> &ensp;<a href=\"https:\/\/www.linkedin.com\/company\/letour-devigne\/about\/\"><img loading=\"lazy\" src=\"https:\/\/letourdevigne.com\/wp-content\/uploads\/2020\/04\/RS-1-1.png\" width=\"28\" height=\"28\" alt=\"\" class=\"wp-image-1081 alignnone size-full\" \/><\/a>&ensp;\u00a0<a href=\"https:\/\/wa.me\/33768970917\"><img loading=\"lazy\" src=\"https:\/\/letourdevigne.com\/wp-content\/uploads\/2020\/04\/Sans-titre-1-1.png\" width=\"28\" height=\"28\" alt=\"\" class=\"wp-image-1029 alignnone size-full\" \/><\/a><\/p>\n<p>[\/et_pb_text][\/et_pb_column][\/et_pb_row][\/et_pb_section]<\/p>\n","protected":false},"excerpt":{"rendered":"<p>[et_pb_section fb_built=&#8221;1&#8243; custom_padding_last_edited=&#8221;on|desktop&#8221; _builder_version=&#8221;4.4.7&#8243; use_background_color_gradient=&#8221;on&#8221; background_color_gradient_start=&#8221;rgba(0,0,0,0.4)&#8221; background_color_gradient_end=&#8221;rgba(0,0,0,0.4)&#8221; background_color_gradient_overlays_image=&#8221;on&#8221; background_image=&#8221;https:\/\/letourdevigne.com\/wp-content\/uploads\/2020\/04\/moulin-de-verzenay-champagne.jpg&#8221; custom_padding=&#8221;15%||10%||false|false&#8221; custom_padding_tablet=&#8221;45%||5%||false|false&#8221; custom_padding_phone=&#8221;50%||||false|false&#8221;][et_pb_row column_structure=&#8221;3_5,2_5&#8243; disabled_on=&#8221;off|off|off&#8221; _builder_version=&#8221;4.4.6&#8243;][et_pb_column type=&#8221;3_5&#8243; _builder_version=&#8221;4.4.1&#8243;][et_pb_text _builder_version=&#8221;4.4.3&#8243; text_font=&#8221;Century Gothic||||||||&#8221; text_text_color=&#8221;#000000&#8243; header_4_font=&#8221;Neuton||||||||&#8221; header_4_text_align=&#8221;left&#8221; header_4_text_color=&#8221;#ffffff&#8221; header_4_font_size=&#8221;30px&#8221; text_orientation=&#8221;justified&#8221; header_4_font_size_tablet=&#8221;&#8221; header_4_font_size_phone=&#8221;25px&#8221; header_4_font_size_last_edited=&#8221;on|phone&#8221;] Cont\u00e1ctenos para una cotizaci\u00f3n [\/et_pb_text][et_pb_code _builder_version=&#8221;4.6.6&#8243; background_color=&#8221;rgba(0,0,0,0)&#8221; text_orientation=&#8221;left&#8221; hover_enabled=&#8221;0&#8243; sticky_enabled=&#8221;0&#8243;][\/et_pb_code][\/et_pb_column][et_pb_column type=&#8221;2_5&#8243; _builder_version=&#8221;4.4.1&#8243;][et_pb_image src=&#8221;https:\/\/letourdevigne.com\/wp-content\/uploads\/2020\/03\/Logo_LeTourDeVigne_AvecSlogan_BlancCouleurs.png&#8221; alt=&#8221;Logo Le tour de vigne&#8221; title_text=&#8221;logo-letourdevigne-avecslogan-blanc-couleurs&#8221; url=&#8221;@ET-DC@eyJkeW5hbWljIjp0cnVlLCJjb250ZW50IjoicG9zdF9saW5rX3VybF9wYWdlIiwic2V0dGluZ3MiOnsicG9zdF9pZCI6IjM3OSJ9fQ==@&#8221; _builder_version=&#8221;4.6.4&#8243; _dynamic_attributes=&#8221;url&#8221; max_width=&#8221;50%&#8221; max_width_tablet=&#8221;50%&#8221; max_width_phone=&#8221;&#8221; max_width_last_edited=&#8221;on|tablet&#8221; [&hellip;]<\/p>\n","protected":false},"author":1,"featured_media":0,"parent":0,"menu_order":0,"comment_status":"closed","ping_status":"closed","template":"","meta":{"_et_pb_use_builder":"on","_et_pb_old_content":"","_et_gb_content_width":""},"yoast_head":"<!-- This site is optimized with the Yoast SEO plugin v16.4 - https:\/\/yoast.com\/wordpress\/plugins\/seo\/ -->\n<title>Contacto y cotizaciones | Le Tour de Vigne - Cont\u00e1ctenos para convertir sus seu\u00f1os en realidad<\/title>\n<meta name=\"description\" content=\"Contacto Le Tour de Vigne | Cont\u00e1ctenos para una cotizaci\u00f3n. Descubre los vi\u00f1edos y bodegas de las grandes casas de Champagne.\" \/>\n<meta name=\"robots\" content=\"index, follow, max-snippet:-1, max-image-preview:large, max-video-preview:-1\" \/>\n<link rel=\"canonical\" href=\"https:\/\/letourdevigne.com\/es\/contacto-y-cotizaciones\/\" \/>\n<meta property=\"og:locale\" content=\"es_ES\" \/>\n<meta property=\"og:type\" content=\"article\" \/>\n<meta property=\"og:title\" content=\"Contacto y cotizaciones | Le Tour de Vigne - Cont\u00e1ctenos para convertir sus seu\u00f1os en realidad\" \/>\n<meta property=\"og:description\" content=\"Contacto Le Tour de Vigne | Cont\u00e1ctenos para una cotizaci\u00f3n. Descubre los vi\u00f1edos y bodegas de las grandes casas de Champagne.\" \/>\n<meta property=\"og:url\" content=\"https:\/\/letourdevigne.com\/es\/contacto-y-cotizaciones\/\" \/>\n<meta property=\"og:site_name\" content=\"Le Tour de Vigne\" \/>\n<meta property=\"article:modified_time\" content=\"2020-10-28T08:39:52+00:00\" \/>\n<meta property=\"og:image\" content=\"https:\/\/letourdevigne.com\/wp-content\/uploads\/2020\/04\/RS-1.png\" \/>\n<meta name=\"twitter:card\" content=\"summary_large_image\" \/>\n<meta name=\"twitter:label1\" content=\"Tiempo de lectura\" \/>\n\t<meta name=\"twitter:data1\" content=\"2 minutos\" \/>\n<script type=\"application\/ld+json\" class=\"yoast-schema-graph\">{\"@context\":\"https:\/\/schema.org\",\"@graph\":[{\"@type\":\"Organization\",\"@id\":\"https:\/\/letourdevigne.com\/#organization\",\"name\":\"Le Tour de Vigne\",\"url\":\"https:\/\/letourdevigne.com\/\",\"sameAs\":[],\"logo\":{\"@type\":\"ImageObject\",\"@id\":\"https:\/\/letourdevigne.com\/#logo\",\"inLanguage\":\"es\",\"url\":\"https:\/\/letourdevigne.com\/wp-content\/uploads\/2020\/03\/Logo_LeTourDeVigne_AvecSlogan_BlancCouleurs.png\",\"contentUrl\":\"https:\/\/letourdevigne.com\/wp-content\/uploads\/2020\/03\/Logo_LeTourDeVigne_AvecSlogan_BlancCouleurs.png\",\"width\":2703,\"height\":2610,\"caption\":\"Le Tour de Vigne\"},\"image\":{\"@id\":\"https:\/\/letourdevigne.com\/#logo\"}},{\"@type\":\"WebSite\",\"@id\":\"https:\/\/letourdevigne.com\/#website\",\"url\":\"https:\/\/letourdevigne.com\/\",\"name\":\"Le Tour de Vigne\",\"description\":\"Exclusive Champagne Experience\",\"publisher\":{\"@id\":\"https:\/\/letourdevigne.com\/#organization\"},\"potentialAction\":[{\"@type\":\"SearchAction\",\"target\":\"https:\/\/letourdevigne.com\/?s={search_term_string}\",\"query-input\":\"required name=search_term_string\"}],\"inLanguage\":\"es\"},{\"@type\":\"ImageObject\",\"@id\":\"https:\/\/letourdevigne.com\/es\/contacto-y-cotizaciones\/#primaryimage\",\"inLanguage\":\"es\",\"url\":\"https:\/\/letourdevigne.com\/wp-content\/uploads\/2020\/04\/RS-1.png\",\"contentUrl\":\"https:\/\/letourdevigne.com\/wp-content\/uploads\/2020\/04\/RS-1.png\",\"width\":50,\"height\":50,\"caption\":\"Logo Facebook\"},{\"@type\":\"WebPage\",\"@id\":\"https:\/\/letourdevigne.com\/es\/contacto-y-cotizaciones\/#webpage\",\"url\":\"https:\/\/letourdevigne.com\/es\/contacto-y-cotizaciones\/\",\"name\":\"Contacto y cotizaciones | Le Tour de Vigne - Cont\\u00e1ctenos para convertir sus seu\\u00f1os en realidad\",\"isPartOf\":{\"@id\":\"https:\/\/letourdevigne.com\/#website\"},\"primaryImageOfPage\":{\"@id\":\"https:\/\/letourdevigne.com\/es\/contacto-y-cotizaciones\/#primaryimage\"},\"datePublished\":\"2020-07-29T13:55:23+00:00\",\"dateModified\":\"2020-10-28T08:39:52+00:00\",\"description\":\"Contacto Le Tour de Vigne | Cont\\u00e1ctenos para una cotizaci\\u00f3n. Descubre los vi\\u00f1edos y bodegas de las grandes casas de Champagne.\",\"breadcrumb\":{\"@id\":\"https:\/\/letourdevigne.com\/es\/contacto-y-cotizaciones\/#breadcrumb\"},\"inLanguage\":\"es\",\"potentialAction\":[{\"@type\":\"ReadAction\",\"target\":[\"https:\/\/letourdevigne.com\/es\/contacto-y-cotizaciones\/\"]}]},{\"@type\":\"BreadcrumbList\",\"@id\":\"https:\/\/letourdevigne.com\/es\/contacto-y-cotizaciones\/#breadcrumb\",\"itemListElement\":[{\"@type\":\"ListItem\",\"position\":1,\"item\":{\"@type\":\"WebPage\",\"@id\":\"https:\/\/letourdevigne.com\/es\/\",\"url\":\"https:\/\/letourdevigne.com\/es\/\",\"name\":\"Accueil\"}},{\"@type\":\"ListItem\",\"position\":2,\"item\":{\"@id\":\"https:\/\/letourdevigne.com\/es\/contacto-y-cotizaciones\/#webpage\"}}]}]}<\/script>\n<!-- \/ Yoast SEO plugin. -->","_links":{"self":[{"href":"https:\/\/letourdevigne.com\/es\/wp-json\/wp\/v2\/pages\/4503"}],"collection":[{"href":"https:\/\/letourdevigne.com\/es\/wp-json\/wp\/v2\/pages"}],"about":[{"href":"https:\/\/letourdevigne.com\/es\/wp-json\/wp\/v2\/types\/page"}],"author":[{"embeddable":true,"href":"https:\/\/letourdevigne.com\/es\/wp-json\/wp\/v2\/users\/1"}],"replies":[{"embeddable":true,"href":"https:\/\/letourdevigne.com\/es\/wp-json\/wp\/v2\/comments?post=4503"}],"version-history":[{"count":36,"href":"https:\/\/letourdevigne.com\/es\/wp-json\/wp\/v2\/pages\/4503\/revisions"}],"predecessor-version":[{"id":5487,"href":"https:\/\/letourdevigne.com\/es\/wp-json\/wp\/v2\/pages\/4503\/revisions\/5487"}],"wp:attachment":[{"href":"https:\/\/letourdevigne.com\/es\/wp-json\/wp\/v2\/media?parent=4503"}],"curies":[{"name":"wp","href":"https:\/\/api.w.org\/{rel}","templated":true}]}}